{"id":5762,"date":"2018-10-22T13:49:40","date_gmt":"2018-10-22T13:49:40","guid":{"rendered":"https:\/\/www.ekko-wp.com\/?page_id=5762"},"modified":"2025-11-17T14:18:12","modified_gmt":"2025-11-17T14:18:12","slug":"propuesta","status":"publish","type":"page","link":"https:\/\/redme.org.uy\/2022\/propuesta\/","title":{"rendered":"Propuesta"},"content":{"rendered":"<p>[vc_row full_width=&#8221;stretch_row&#8221; css=&#8221;.vc_custom_1651803434387{margin-top: -50px !important;background: #eb9182 url(https:\/\/redme.org.uy\/2022\/wp-content\/uploads\/2022\/01\/fonfo-infografia.png?id=7497) !important;background-position: 0 0 !important;background-repeat: no-repeat !important;}&#8221; el_class=&#8221;infografia&#8221; el_id=&#8221;infografia&#8221;][vc_column css=&#8221;.vc_custom_1516008777154{padding-right: 0px !important;padding-left: 0px !important;}&#8221;][vc_row_inner css=&#8221;.vc_custom_1641866489120{padding-top: 80px !important;padding-bottom: 80px !important;}&#8221;][vc_column_inner]<header class=\"kd-section-title col-lg-8 vc_col-sm-8 text-left  kd-animated fadeIn   vc_custom_1727885970458\" data-animation-delay=200><h2 class=\"separator_off\" style=\"color: #ffffff;\">Mentor\u00edas<\/h2><h6 class=\"subtitle \" style=\"color: #ffffff;\">Este espacio busca conectar mujeres que tengan una necesidad particular con una mentora la cual, a trav\u00e9s de su conocimiento y experiencia personal, le pueda servir de gu\u00eda para el logro de los objetivos que la mentoreada quiera trabajar.<\/h6><\/header><header class=\"kd-section-title col-lg-8 vc_col-sm-8 text-left  kd-animated fadeIn   vc_custom_1651608736852\" data-animation-delay=200><h6 class=\"subtitle \" style=\"color: #ffffff;\">\u00bfQui\u00e9nes pueden participar?<br \/>\nSocias activas de RedME.<\/h6><\/header>[vc_empty_space]<a  href=\"https:\/\/docs.google.com\/forms\/d\/e\/1FAIpQLScKyKKp6F1l7pjY7m_ATz-SVbOS9BuyU_SfFfdrOgUT_rWcvA\/viewform\"  target=\"_self\"  title=\"\" class=\"tt_button tt_primary_button btn_primary_color  pull-left button-action-link\" ><span class=\"prim_text\">Quiero participar<\/span><\/a>[\/vc_column_inner][\/vc_row_inner][\/vc_column][\/vc_row][vc_row full_width=&#8221;stretch_row&#8221; css=&#8221;.vc_custom_1641866753190{background: #550028 url(https:\/\/redme.org.uy\/2022\/wp-content\/uploads\/2022\/01\/fonfo-infografia.png?id=7497) !important;background-position: 0 0 !important;background-repeat: no-repeat !important;}&#8221; el_class=&#8221;infografia&#8221; el_id=&#8221;infografia&#8221;][vc_column css=&#8221;.vc_custom_1516008777154{padding-right: 0px !important;padding-left: 0px !important;}&#8221;][vc_row_inner css=&#8221;.vc_custom_1641866489120{padding-top: 80px !important;padding-bottom: 80px !important;}&#8221;][vc_column_inner]<header class=\"kd-section-title col-lg-8 vc_col-sm-8 text-left  kd-animated fadeIn  \" data-animation-delay=200><h2 class=\"separator_off\" style=\"color: #ffffff;\">C\u00edrculo de socias 1 | C\u00edrculo de Socias Advanced<\/h2><h6 class=\"subtitle \" style=\"color: #ffffff;\">\u00bfEn qu\u00e9 consisten?<br \/>\nLos C\u00edrculos de Socias 1 son encuentros en donde se busca apoyar el desarrollo de la carrera ejecutiva de las mujeres mediante mentor\u00eda entre pares. Cada c\u00edrculo est\u00e1 compuesto por un grupo de mujeres de diversas industrias, cargos y\/o disciplinas que peri\u00f3dicamente se re\u00fanen para compartir sus desaf\u00edos y experiencias bajo el liderazgo de una o m\u00e1s facilitadoras. Los C\u00edrculos de Socias Advanced son espacios de encuentro para #SociasRedME que han transitado previamente una edici\u00f3n de nuestro cl\u00e1sico Programa de C\u00edrculo de Socias y quieren seguir profundizando juntas.<\/h6><\/header><header class=\"kd-section-title vc_col-lg-6 vc_col-sm-8 text-left  kd-animated fadeIn   vc_custom_1648959503080\" data-animation-delay=200><h6 class=\"subtitle \" style=\"color: #ffffff;\">\u00bfQui\u00e9nes pueden participar?<br \/>\nSocias activas de RedME. El c\u00edrculo es una forma de relacionamiento horizontal en donde no hay consejos sino intercambio y reflexi\u00f3n.<\/h6><\/header>[vc_empty_space]<a  href=\"https:\/\/docs.google.com\/forms\/d\/e\/1FAIpQLSdnFs6BACDba-x9w0eeSsJG8L1sgubcyZ7mponG5IGl9wIIJA\/viewform\"  target=\"_self\"  title=\"\" class=\"tt_button tt_primary_button btn_secondary_color  pull-left button-action-link\" ><span class=\"prim_text\">Quiero unirme a un c\u00edrculo<\/span><\/a>[\/vc_column_inner][\/vc_row_inner][\/vc_column][\/vc_row][vc_row full_width=&#8221;stretch_row&#8221; css=&#8221;.vc_custom_1646176002402{background: #eb9182 url(https:\/\/redme.org.uy\/2022\/wp-content\/uploads\/2022\/01\/fonfo-infografia.png?id=7497) !important;background-position: 0 0 !important;background-repeat: no-repeat !important;}&#8221; el_class=&#8221;infografia&#8221;][vc_column css=&#8221;.vc_custom_1516008777154{padding-right: 0px !important;padding-left: 0px !important;}&#8221;][vc_row_inner css=&#8221;.vc_custom_1641866489120{padding-top: 80px !important;padding-bottom: 80px !important;}&#8221;][vc_column_inner]<header class=\"kd-section-title col-lg-8 vc_col-sm-8 text-left  kd-animated fadeIn   vc_custom_1727885907273\" data-animation-delay=200><h2 class=\"separator_off\" style=\"color: #ffffff;\">Encuentros<\/h2><h6 class=\"subtitle \" style=\"color: #ffffff;\">Los encuentros RedME son espacios de intercambio, reflexi\u00f3n, networking y consolidaci\u00f3n de la Red, en donde las mujeres ejecutivas intercambian sobre temas de inter\u00e9s como la equidad de g\u00e9nero y los obst\u00e1culos y desaf\u00edos en la carrera. Es un lugar para desarrollar y fortalecer las habilidades blandas, incorporando herramientas de crecimiento profesional.<\/h6><\/header><header class=\"kd-section-title col-lg-8 vc_col-sm-8 text-left  kd-animated fadeIn   vc_custom_1651760514539\" data-animation-delay=200><h6 class=\"subtitle \" style=\"color: #ffffff;\">\u00bfQui\u00e9nes pueden participar?<br \/>\nSocias activas de RedME.<\/h6><\/header>[vc_empty_space]<a  href=\"https:\/\/redme.org.uy\/2022\/quiero-ser-parte\/\"  target=\"_self\"  title=\"Contacto\" class=\"tt_button tt_primary_button btn_primary_color  pull-left button-action-link\" ><span class=\"prim_text\">Quiero ser socia<\/span><\/a>[\/vc_column_inner][\/vc_row_inner][\/vc_column][\/vc_row][vc_row full_width=&#8221;stretch_row&#8221; css=&#8221;.vc_custom_1641866753190{background: #550028 url(https:\/\/redme.org.uy\/2022\/wp-content\/uploads\/2022\/01\/fonfo-infografia.png?id=7497) !important;background-position: 0 0 !important;background-repeat: no-repeat !important;}&#8221; el_class=&#8221;infografia&#8221;][vc_column css=&#8221;.vc_custom_1516008777154{padding-right: 0px !important;padding-left: 0px !important;}&#8221;][vc_row_inner css=&#8221;.vc_custom_1641866489120{padding-top: 80px !important;padding-bottom: 80px !important;}&#8221;][vc_column_inner]<header class=\"kd-section-title col-lg-8 vc_col-sm-8 text-left  kd-animated fadeIn  \" data-animation-delay=200><h2 class=\"separator_off\" style=\"color: #ffffff;\">Mesas tem\u00e1ticas<\/h2><h6 class=\"subtitle \" style=\"color: #ffffff;\">Las mesas tem\u00e1ticas RedME tienen la finalidad que las mujeres ejecutivas participen de la ponencia de una experta\/o. Se abordan temas t\u00e9cnicos que nos permiten actualizarnos en nuestra vida profesional como la transformaci\u00f3n digital, la protecci\u00f3n de datos, tecnolog\u00edas, finanzas, entre otros.<\/h6><\/header><header class=\"kd-section-title vc_col-lg-6 vc_col-sm-8 text-left  kd-animated fadeIn   vc_custom_1651608711314\" data-animation-delay=200><h6 class=\"subtitle \" style=\"color: #ffffff;\">\u00bfQui\u00e9nes pueden participar?<br \/>\nSocias activas de RedME.<\/h6><\/header>[vc_empty_space]<a  href=\"https:\/\/redme.org.uy\/2022\/quiero-ser-parte\/\"  target=\"_self\"  title=\"Contacto\" class=\"tt_button tt_primary_button btn_secondary_color  pull-left button-action-link\" ><span class=\"prim_text\">Quiero ser socia<\/span><\/a>[\/vc_column_inner][\/vc_row_inner][\/vc_column][\/vc_row][vc_row full_width=&#8221;stretch_row&#8221; css=&#8221;.vc_custom_1646176002402{background: #eb9182 url(https:\/\/redme.org.uy\/2022\/wp-content\/uploads\/2022\/01\/fonfo-infografia.png?id=7497) !important;background-position: 0 0 !important;background-repeat: no-repeat !important;}&#8221; el_class=&#8221;infografia&#8221;][vc_column css=&#8221;.vc_custom_1516008777154{padding-right: 0px !important;padding-left: 0px !important;}&#8221;][vc_row_inner css=&#8221;.vc_custom_1641866489120{padding-top: 80px !important;padding-bottom: 80px !important;}&#8221;][vc_column_inner]<header class=\"kd-section-title col-lg-8 vc_col-sm-8 text-left  kd-animated fadeIn   vc_custom_1727886029540\" data-animation-delay=200><h2 class=\"separator_off\" style=\"color: #ffffff;\">Charlas RedME<\/h2><h6 class=\"subtitle \" style=\"color: #ffffff;\">Abiertas a todo p\u00fablico, las charlas RedME tienen por objetivo generar reflexi\u00f3n entorno a diversos temas que contribuyen al desarrollo del autoliderazgo de las participantes. Para esto ponemos el foco en el autoconocimiento, la autoconfianza y todo ello sustentado en el valor del trabajo en red para la expansi\u00f3n individual y colectiva de las mujeres en las organizaciones.<\/h6><\/header><header class=\"kd-section-title col-lg-8 vc_col-sm-8 text-left  kd-animated fadeIn   vc_custom_1649171090583\" data-animation-delay=200><h6 class=\"subtitle \" style=\"color: #ffffff;\">Algunos de los temas abordados por las destacadas ponentes fueron: 'Mujeres en cargos de decisi\u00f3n' a cargo de Magdalena Furtado de ONU Mujeres Uruguay; 'El valor de las redes de mujeres en el \u00e1mbito ejecutivo' con Carolina Mart\u00ednez Gonz\u00e1lez de RedMAD (Chile); 'Mujeres que lideran' realizada por Merc\u00e8 Brey y Chus Sanz de +Diversity (Espa\u00f1a); 'Sororidad y redes' por Magdalena Reyes Puig. Estas y otras charlas las pueden ver en nuestro canal de YouTube.<\/h6><\/header>[vc_empty_space]<a  href=\"https:\/\/www.youtube.com\/channel\/UCRCpZHrzRaAcA53NLPkM9-A\"  target=\"_self\"  title=\"\" class=\"tt_button tt_primary_button btn_primary_color  pull-left button-action-link\" ><span class=\"prim_text\">Canal de YouTube<\/span><\/a>[\/vc_column_inner][\/vc_row_inner][\/vc_column][\/vc_row][vc_row full_width=&#8221;stretch_row&#8221; css=&#8221;.vc_custom_1643068917370{padding-top: 60px !important;background-color: #550028 !important;}&#8221;][vc_column width=&#8221;1\/6&#8243;][vc_column_text]<span style=\"color: #ffffff;\">Main Sponsors<\/span>[\/vc_column_text][vc_single_image image=&#8221;7747&#8243; img_size=&#8221;200&#215;200&#8243;][\/vc_column][vc_column width=&#8221;1\/6&#8243;][vc_column_text]<span style=\"color: #ffffff;\">&#8211;<\/span>[\/vc_column_text][vc_single_image image=&#8221;8575&#8243; img_size=&#8221;166&#215;166&#8243;][\/vc_column][vc_column width=&#8221;1\/6&#8243;][vc_column_text]<span style=\"color: #ffffff;\">Apoyan<\/span>[\/vc_column_text][vc_single_image image=&#8221;7746&#8243; img_size=&#8221;200&#215;200&#8243;][\/vc_column][vc_column width=&#8221;1\/6&#8243;][vc_column_text]<span style=\"color: #550028;\">\u00a0&#8211;\u00a0<\/span>[\/vc_column_text][vc_single_image image=&#8221;7798&#8243; img_size=&#8221;166&#215;166&#8243;][\/vc_column][\/vc_row]<\/p>\n","protected":false},"excerpt":{"rendered":"<p>[vc_row full_width=&#8221;stretch_row&#8221; css=&#8221;.vc_custom_1651803434387{margin-top: -50px !important;background: #eb9182 url(https:\/\/redme.org.uy\/2022\/wp-content\/uploads\/2022\/01\/fonfo-infografia.png?id=7497) !important;background-position: 0 0 !important;background-repeat: no-repeat !important;}&#8221; el_class=&#8221;infografia&#8221; el_id=&#8221;infografia&#8221;][vc_column css=&#8221;.vc_custom_1516008777154{padding-right: 0px !important;padding-left: 0px !important;}&#8221;][vc_row_inner [&hellip;]<\/p>\n","protected":false},"author":1,"featured_media":7686,"parent":0,"menu_order":0,"comment_status":"closed","ping_status":"closed","template":"","meta":{"footnotes":""},"class_list":["post-5762","page","type-page","status-publish","has-post-thumbnail","hentry"],"_links":{"self":[{"href":"https:\/\/redme.org.uy\/2022\/wp-json\/wp\/v2\/pages\/5762","targetHints":{"allow":["GET"]}}],"collection":[{"href":"https:\/\/redme.org.uy\/2022\/wp-json\/wp\/v2\/pages"}],"about":[{"href":"https:\/\/redme.org.uy\/2022\/wp-json\/wp\/v2\/types\/page"}],"author":[{"embeddable":true,"href":"https:\/\/redme.org.uy\/2022\/wp-json\/wp\/v2\/users\/1"}],"replies":[{"embeddable":true,"href":"https:\/\/redme.org.uy\/2022\/wp-json\/wp\/v2\/comments?post=5762"}],"version-history":[{"count":61,"href":"https:\/\/redme.org.uy\/2022\/wp-json\/wp\/v2\/pages\/5762\/revisions"}],"predecessor-version":[{"id":8578,"href":"https:\/\/redme.org.uy\/2022\/wp-json\/wp\/v2\/pages\/5762\/revisions\/8578"}],"wp:featuredmedia":[{"embeddable":true,"href":"https:\/\/redme.org.uy\/2022\/wp-json\/wp\/v2\/media\/7686"}],"wp:attachment":[{"href":"https:\/\/redme.org.uy\/2022\/wp-json\/wp\/v2\/media?parent=5762"}],"curies":[{"name":"wp","href":"https:\/\/api.w.org\/{rel}","templated":true}]}}