{"id":5726,"date":"2018-10-22T13:45:49","date_gmt":"2018-10-22T13:45:49","guid":{"rendered":"https:\/\/www.ekko-wp.com\/?page_id=5726"},"modified":"2026-01-28T21:40:18","modified_gmt":"2026-01-28T21:40:18","slug":"quiero-ser-parte","status":"publish","type":"page","link":"https:\/\/redme.org.uy\/2022\/quiero-ser-parte\/","title":{"rendered":"Quiero ser parte"},"content":{"rendered":"<p>[vc_row full_width=&#8221;stretch_row&#8221; css=&#8221;.vc_custom_1641862552876{margin-top: 120px !important;}&#8221;][vc_column css=&#8221;.vc_custom_1515686761275{padding-right: 0px !important;padding-left: 0px !important;}&#8221;][vc_row_inner content_placement=&#8221;middle&#8221; css=&#8221;.vc_custom_1641864969310{margin-bottom: 30px !important;}&#8221;][vc_column_inner width=&#8221;1\/2&#8243; css=&#8221;.vc_custom_1586286000110{padding-right: 0px !important;padding-left: 0px !important;}&#8221;]<div class=\"kd-photobox  \" ><div class=\"photobox-img\"><img loading=\"lazy\" decoding=\"async\" width=\"600\" height=\"400\" src=\"https:\/\/redme.org.uy\/2022\/wp-content\/uploads\/2022\/01\/Foto-3-Propuesta.jpg\" class=\"attachment-full\" alt=\"\" srcset=\"https:\/\/redme.org.uy\/2022\/wp-content\/uploads\/2022\/01\/Foto-3-Propuesta.jpg 600w, https:\/\/redme.org.uy\/2022\/wp-content\/uploads\/2022\/01\/Foto-3-Propuesta-300x200.jpg 300w\" sizes=\"auto, (max-width: 600px) 100vw, 600px\" \/><\/div><div class=\"phb-content text-left \" >\n                  <h5 ><\/h5>\n                  <p ><\/p><\/div><\/div>[\/vc_column_inner][vc_column_inner width=&#8221;1\/2&#8243; css=&#8221;.vc_custom_1641864731902{padding-right: 0px !important;padding-left: 40px !important;}&#8221;]<header class=\"kd-section-title col-lg-12 text-left    \" ><h2 class=\"separator_off\" >Requisitos para ser parte<\/h2><\/header>[vc_column_text css=&#8221;.vc_custom_1647310398429{margin-bottom: 30px !important;}&#8221;]<\/p>\n<ul>\n<li class=\"subtitle \">Ser mujer, mayor de edad, con al menos 5 a\u00f1os de trayectoria profesional y que: (i) haya ocupado, ocupe o que &#8211; estando en una organizaci\u00f3n- aspire a ocupar, un cargo gerencial, de jefatura, de supervisi\u00f3n, ejecutivo, de direcci\u00f3n o alta direcci\u00f3n o un cargo que implique tener personas o equipos a cargo, en organizaciones tanto en el sector p\u00fablico como privado; o (ii) revista la calidad de profesional independiente y se encuentre vinculada profesionalmente a organizaciones p\u00fablicas o privadas.<\/li>\n<li class=\"subtitle \">Completar formulario de inscripci\u00f3n.<\/li>\n<li class=\"subtitle \">Estar de acuerdo con los fines y objetivos de la Instituci\u00f3n. La calidad de socia activa s\u00f3lo se adquirir\u00e1 una vez que la Comisi\u00f3n Directiva apruebe la postulaci\u00f3n respectiva.<\/li>\n<\/ul>\n<p>[\/vc_column_text]<a  href=\"https:\/\/docs.google.com\/forms\/d\/1F4FKUbPRTPEtmQwQZfHXgGh8lsIBZkimz7PVC1eG7IA\/viewform?edit_requested=true\"  target=\"_self\"  title=\"\" class=\"tt_button tt_primary_button btn_primary_color  pull-left button-action-link\" ><span class=\"prim_text\">Quiero ser socia<\/span><\/a>[\/vc_column_inner][\/vc_row_inner][\/vc_column][\/vc_row][vc_row content_placement=&#8221;middle&#8221; css=&#8221;.vc_custom_1641864974151{margin-top: 80px !important;margin-bottom: 120px !important;}&#8221;][vc_column width=&#8221;1\/2&#8243;]<div class=\"kd-photobox  \" ><div class=\"photobox-img\"><img loading=\"lazy\" decoding=\"async\" width=\"600\" height=\"400\" src=\"https:\/\/redme.org.uy\/2022\/wp-content\/uploads\/2022\/01\/Foto-9w-Home-y-Propuesta.jpg\" class=\"attachment-full\" alt=\"\" srcset=\"https:\/\/redme.org.uy\/2022\/wp-content\/uploads\/2022\/01\/Foto-9w-Home-y-Propuesta.jpg 600w, https:\/\/redme.org.uy\/2022\/wp-content\/uploads\/2022\/01\/Foto-9w-Home-y-Propuesta-300x200.jpg 300w\" sizes=\"auto, (max-width: 600px) 100vw, 600px\" \/><\/div><div class=\"phb-content text-left \" >\n                  <h5 >Empresa colaboradora<\/h5>\n                  <p >Gracias por querer que tu empresa sea parte de RedME. El compromiso de las organizaciones con la equidad de g\u00e9nero en puestos de liderazgo har\u00e1 de nuestra visi\u00f3n una realidad. Solicitamos que registres los datos de tu empresa para poder contactarlos y generar sinergias.<\/p><\/div><\/div>[\/vc_column][vc_column width=&#8221;1\/2&#8243; css=&#8221;.vc_custom_1641864886100{padding-left: 40px !important;}&#8221;]<div class=\"kd-contact-form full-width-cf\" ><div role=\"form\" class=\"wpcf7\" id=\"wpcf7-f5208-o1\" lang=\"en-US\" dir=\"ltr\">\n<div class=\"screen-reader-response\"><p role=\"status\" aria-live=\"polite\" aria-atomic=\"true\"><\/p> <ul><\/ul><\/div>\n<form action=\"\/2022\/wp-json\/wp\/v2\/pages\/5726#wpcf7-f5208-o1\" method=\"post\" class=\"wpcf7-form init\" novalidate=\"novalidate\" data-status=\"init\">\n<div style=\"display: none;\">\n<input type=\"hidden\" name=\"_wpcf7\" value=\"5208\" \/>\n<input type=\"hidden\" name=\"_wpcf7_version\" value=\"5.5.6\" \/>\n<input type=\"hidden\" name=\"_wpcf7_locale\" value=\"en_US\" \/>\n<input type=\"hidden\" name=\"_wpcf7_unit_tag\" value=\"wpcf7-f5208-o1\" \/>\n<input type=\"hidden\" name=\"_wpcf7_container_post\" value=\"0\" \/>\n<input type=\"hidden\" name=\"_wpcf7_posted_data_hash\" value=\"\" \/>\n<\/div>\n<p><span class=\"wpcf7-form-control-wrap nombre\"><input type=\"text\" name=\"nombre\" value=\"\" size=\"40\" class=\"wpcf7-form-control wpcf7-text wpcf7-validates-as-required\" aria-required=\"true\" aria-invalid=\"false\" placeholder=\"Nombre y apellido\" \/><\/span><br \/>\n<span class=\"wpcf7-form-control-wrap empresa\"><input type=\"text\" name=\"empresa\" value=\"\" size=\"40\" class=\"wpcf7-form-control wpcf7-text wpcf7-validates-as-required\" aria-required=\"true\" aria-invalid=\"false\" placeholder=\"Empresa\" \/><\/span><br \/>\n<span class=\"wpcf7-form-control-wrap cargo\"><input type=\"text\" name=\"cargo\" value=\"\" size=\"40\" class=\"wpcf7-form-control wpcf7-text wpcf7-validates-as-required\" aria-required=\"true\" aria-invalid=\"false\" placeholder=\"Cargo\" \/><\/span><br \/>\n<span class=\"wpcf7-form-control-wrap email\"><input type=\"email\" name=\"email\" value=\"\" size=\"40\" class=\"wpcf7-form-control wpcf7-text wpcf7-email wpcf7-validates-as-required wpcf7-validates-as-email\" aria-required=\"true\" aria-invalid=\"false\" placeholder=\"Email\" \/><\/span><br \/>\n<span class=\"wpcf7-form-control-wrap telefono\"><input type=\"text\" name=\"telefono\" value=\"\" size=\"40\" class=\"wpcf7-form-control wpcf7-text wpcf7-validates-as-required\" aria-required=\"true\" aria-invalid=\"false\" placeholder=\"T\u00e9lefono\" \/><\/span><br \/>\n<span class=\"wpcf7-form-control-wrap motivo\"><input type=\"text\" name=\"motivo\" value=\"\" size=\"40\" class=\"wpcf7-form-control wpcf7-text wpcf7-validates-as-required\" aria-required=\"true\" aria-invalid=\"false\" placeholder=\"Motivo de la solicitud\" \/><\/span><br \/>\n<span class=\"wpcf7-form-control-wrap mensaje\"><textarea name=\"mensaje\" cols=\"40\" rows=\"10\" class=\"wpcf7-form-control wpcf7-textarea\" aria-invalid=\"false\" placeholder=\"Mensaje\"><\/textarea><\/span><br \/>\n<input type=\"submit\" value=\"Enviar\" class=\"wpcf7-form-control has-spinner wpcf7-submit\" \/><\/p>\n<div class=\"wpcf7-response-output\" aria-hidden=\"true\"><\/div><\/form><\/div><\/div>[\/vc_column][\/vc_row][vc_row full_width=&#8221;stretch_row&#8221; css=&#8221;.vc_custom_1643068917370{padding-top: 60px !important;background-color: #550028 !important;}&#8221;][vc_column width=&#8221;1\/6&#8243;][vc_column_text]<span style=\"color: #ffffff;\">Main sponsor<\/span>[\/vc_column_text][vc_single_image image=&#8221;7747&#8243; img_size=&#8221;200&#215;200&#8243;][\/vc_column][vc_column width=&#8221;1\/6&#8243;][vc_column_text]<span style=\"color: #550028;\">\u00a0&#8211;\u00a0<\/span>[\/vc_column_text][vc_single_image image=&#8221;8575&#8243; img_size=&#8221;200&#215;200&#8243;][\/vc_column][vc_column width=&#8221;1\/6&#8243;][vc_column_text]<span style=\"color: #ffffff;\">Sponsor<\/span>[\/vc_column_text][vc_single_image image=&#8221;7798&#8243; img_size=&#8221;166&#215;166&#8243;][\/vc_column][vc_column width=&#8221;1\/6&#8243;][vc_column_text]<span style=\"color: #ffffff;\">Apoyan<\/span>[\/vc_column_text][vc_single_image image=&#8221;7746&#8243; img_size=&#8221;200&#215;200&#8243;][\/vc_column][vc_column width=&#8221;1\/6&#8243;][\/vc_column][\/vc_row]<\/p>\n","protected":false},"excerpt":{"rendered":"<p>[vc_row full_width=&#8221;stretch_row&#8221; css=&#8221;.vc_custom_1641862552876{margin-top: 120px !important;}&#8221;][vc_column css=&#8221;.vc_custom_1515686761275{padding-right: 0px !important;padding-left: 0px !important;}&#8221;][vc_row_inner content_placement=&#8221;middle&#8221; css=&#8221;.vc_custom_1641864969310{margin-bottom: 30px !important;}&#8221;][vc_column_inner width=&#8221;1\/2&#8243; css=&#8221;.vc_custom_1586286000110{padding-right: 0px !important;padding-left: 0px !important;}&#8221;][\/vc_column_inner][vc_column_inner [&hellip;]<\/p>\n","protected":false},"author":1,"featured_media":7642,"parent":0,"menu_order":0,"comment_status":"closed","ping_status":"closed","template":"","meta":{"footnotes":""},"class_list":["post-5726","page","type-page","status-publish","has-post-thumbnail","hentry"],"_links":{"self":[{"href":"https:\/\/redme.org.uy\/2022\/wp-json\/wp\/v2\/pages\/5726","targetHints":{"allow":["GET"]}}],"collection":[{"href":"https:\/\/redme.org.uy\/2022\/wp-json\/wp\/v2\/pages"}],"about":[{"href":"https:\/\/redme.org.uy\/2022\/wp-json\/wp\/v2\/types\/page"}],"author":[{"embeddable":true,"href":"https:\/\/redme.org.uy\/2022\/wp-json\/wp\/v2\/users\/1"}],"replies":[{"embeddable":true,"href":"https:\/\/redme.org.uy\/2022\/wp-json\/wp\/v2\/comments?post=5726"}],"version-history":[{"count":45,"href":"https:\/\/redme.org.uy\/2022\/wp-json\/wp\/v2\/pages\/5726\/revisions"}],"predecessor-version":[{"id":8613,"href":"https:\/\/redme.org.uy\/2022\/wp-json\/wp\/v2\/pages\/5726\/revisions\/8613"}],"wp:featuredmedia":[{"embeddable":true,"href":"https:\/\/redme.org.uy\/2022\/wp-json\/wp\/v2\/media\/7642"}],"wp:attachment":[{"href":"https:\/\/redme.org.uy\/2022\/wp-json\/wp\/v2\/media?parent=5726"}],"curies":[{"name":"wp","href":"https:\/\/api.w.org\/{rel}","templated":true}]}}